{"id":51060,"date":"2016-03-04T14:41:00","date_gmt":"2016-03-04T14:41:00","guid":{"rendered":"https:\/\/www.agenziagold.com\/?page_id=51060"},"modified":"2016-04-11T17:39:43","modified_gmt":"2016-04-11T17:39:43","slug":"info-lavoro","status":"publish","type":"page","link":"https:\/\/www.agenziagold.com\/es\/info-lavoro\/","title":{"rendered":"Informaci\u00f3n de empleo"},"content":{"rendered":"<div class=\"wpb-content-wrapper\"><p>[vc_row row_type=\u00bbrow\u00bb use_row_as_full_screen_section=\u00bbno\u00bb type=\u00bbfull_width\u00bb oblique_section=\u00bbno\u00bb text_align=\u00bbleft\u00bb background_color=\u00bb#ffffff\u00bb css_animation=\u00bb\u00bb box_shadow_on_row=\u00bbno\u00bb][vc_column][vc_empty_space height=\u00bb50px\u00bb image_repeat=\u00bbno-repeat\u00bb][vc_row_inner row_type=\u00bbrow\u00bb type=\u00bbgrid\u00bb use_row_as_full_screen_section_slide=\u00bbno\u00bb text_align=\u00bbleft\u00bb background_color=\u00bb#ffffff\u00bb padding_bottom=\u00bb50px\u00bb css_animation=\u00bb\u00bb box_shadow_on_row=\u00bbno\u00bb][vc_column_inner][vc_column_text]<\/p>\n<h2 style=\"text-align: center;\">Agencia GOLD<\/h2>\n<p>&nbsp;<\/p>\n<p style=\"text-align: justify;\">Azafata y promotora en disco-bares de copas &#8211; 1680 euros\/mes netos Si estas cansada de buscar trabajo y eres simp\u00e1tica, agradable y te gusta el mundo de la noche sigues leyendo con atenci\u00f3n&#8230;<br \/>\nTe ofrecemos un trabajo serio y bien pagado que te permita costearte y ser independiente&#8230;<br \/>\nTe permitir\u00e1 viajar en toda Italia si quieres, conocer gente nueva y tener muchas atenciones de parte de todos.<\/p>\n<p>Obviamente con un contrato regular de trabajo! Si tienes ganas de cambiar tu situaci\u00f3n, te gusta viajar, adoras estar en medio de la gente y sobretodo tienes ganas de ganar mucho dinero, esta es TU oportunidad!<br \/>\nSomos una importante y reconocida agencia italiana y buscamos chicas atractivas, j\u00f3venes y fiables a las cuales ofrecer una relaci\u00f3n laborable continuativa y estable en toda Italia.[\/vc_column_text][\/vc_column_inner][\/vc_row_inner][vc_empty_space height=\u00bb50px\u00bb image_repeat=\u00bbno-repeat\u00bb][vc_separator type=\u00bbnormal\u00bb color=\u00bb#d6d6d6&#8243; down=\u00bb0&#8243;][\/vc_column][\/vc_row][vc_row row_type=\u00bbrow\u00bb use_row_as_full_screen_section=\u00bbno\u00bb type=\u00bbfull_width\u00bb oblique_section=\u00bbno\u00bb text_align=\u00bbleft\u00bb background_color=\u00bb#f2f2f2&#8243; css_animation=\u00bb\u00bb box_shadow_on_row=\u00bbno\u00bb][vc_column][vc_row_inner row_type=\u00bbrow\u00bb type=\u00bbgrid\u00bb use_row_as_full_screen_section_slide=\u00bbno\u00bb text_align=\u00bbleft\u00bb css_animation=\u00bb\u00bb box_shadow_on_row=\u00bbno\u00bb][vc_column_inner][vc_empty_space image_repeat=\u00bbno-repeat\u00bb][vc_column_text]<\/p>\n<h3 style=\"text-align: center;\">AZAFATA\/PROMOTORA<\/h3>\n<p>&nbsp;<\/p>\n<p style=\"text-align: justify;\">En disco-bares de copas ( promover la venta de bebidas a trav\u00e9s buena presencia y don de gente ).<br \/>\nEn nuestro caso la azafata es una chica de bonita presencia con gran predisposici\u00f3n al contacto con el publico y a las relaciones interpersonales, trabaja en equipo y se adapta r\u00e1pidamente a nuevos entornos, es joven, din\u00e1mica y tiene iniciativa.<\/p>\n<p>Tu misi\u00f3n es la de entretener a los clientes con simpat\u00eda y picard\u00eda y consumir bebidas y\/o botellas en sus compa\u00f1\u00eda.<br \/>\nTendr\u00e1s un fijo diario mas un extra sobre todo lo consumido.[\/vc_column_text][vc_empty_space image_repeat=\u00bbno-repeat\u00bb][\/vc_column_inner][\/vc_row_inner][vc_row_inner row_type=\u00bbrow\u00bb type=\u00bbgrid\u00bb use_row_as_full_screen_section_slide=\u00bbno\u00bb text_align=\u00bbleft\u00bb css_animation=\u00bb\u00bb box_shadow_on_row=\u00bbno\u00bb][vc_column_inner width=\u00bb1\/2&#8243;][vc_empty_space image_repeat=\u00bbno-repeat\u00bb][vc_single_image image=\u00bb51399&#8243; img_size=\u00bbfull\u00bb edgt_css_animation=\u00bb\u00bb][\/vc_column_inner][vc_column_inner width=\u00bb1\/2&#8243;][vc_empty_space image_repeat=\u00bbno-repeat\u00bb][vc_single_image image=\u00bb51398&#8243; img_size=\u00bbfull\u00bb edgt_css_animation=\u00bb\u00bb][\/vc_column_inner][\/vc_row_inner][vc_separator type=\u00bbnormal\u00bb color=\u00bb#d6d6d6&#8243; up=\u00bb50&#8243; down=\u00bb0&#8243;][\/vc_column][\/vc_row][vc_row row_type=\u00bbrow\u00bb use_row_as_full_screen_section=\u00bbno\u00bb type=\u00bbgrid\u00bb oblique_section=\u00bbno\u00bb text_align=\u00bbleft\u00bb css_animation=\u00bb\u00bb box_shadow_on_row=\u00bbno\u00bb][vc_column][vc_row_inner row_type=\u00bbrow\u00bb type=\u00bbgrid\u00bb use_row_as_full_screen_section_slide=\u00bbno\u00bb text_align=\u00bbleft\u00bb css_animation=\u00bb\u00bb box_shadow_on_row=\u00bbno\u00bb][vc_column_inner width=\u00bb1\/2&#8243;][vc_empty_space height=\u00bb15px\u00bb image_repeat=\u00bbno-repeat\u00bb][vc_single_image image=\u00bb51303&#8243; img_size=\u00bbfull\u00bb edgt_css_animation=\u00bb\u00bb][\/vc_column_inner][vc_column_inner width=\u00bb1\/2&#8243;][vc_empty_space height=\u00bb80px\u00bb image_repeat=\u00bbno-repeat\u00bb][vc_column_text]<\/p>\n<h3>\u00bfQUE TIENES QUE HACER?<\/h3>\n<p>&nbsp;<\/p>\n<p style=\"text-align: justify;\">El trabajo ser\u00e1 lo de acoger y entretener los visitantes del disco-bar nocturno de copas ( no Club de Alterne !) hablando, riendo y bromeando con ellos en una mesa de la sala del bar. Todo eso escuchando buena m\u00fasica de fondo y de vez en cuando bailando un poco en la pista de baile.<br \/>\nNo es obligatorio tomar alcoh\u00f3licos. Puedes consumir agua y bebidas no alcoh\u00f3licas.<br \/>\nEl entorno ser\u00e1 sobrio y elegante , no tienes que desnudarte ni exhibirte.<br \/>\nLa vestimentas son tuyas, se sugieren vestiditos cortos, ajustados y tacones altos.<br \/>\nProbablemente un corte de pelo sexy y atractivo puedan ayudar en la tarea, sin caer nunca en el vulgar.<br \/>\nEs normal recibir atenciones, avances, si eso pasa es porque se esta actuando bien.<\/p>\n<p>[\/vc_column_text][\/vc_column_inner][\/vc_row_inner][vc_empty_space height=\u00bb20px\u00bb image_repeat=\u00bbno-repeat\u00bb][vc_column_text]<\/p>\n<p style=\"text-align: justify;\">El cliente que quiere cortejarte har\u00e1 de todo para que tu le haga caso, ser\u00e1 normal ver correr r\u00edos de champa\u00f1e acompa\u00f1ado de fruta y algo de picar a tu mesa&#8230; y si el creer\u00e1 que a tu tambi\u00e9n agradece su compa\u00f1\u00eda, no tardaran en llegar regalos mas o menos valiosos ya que su objetivo es lo de desatar en ti admiraci\u00f3n ( ya se conoce en todo el mundo los galanes que son los caballeros en Italia )<br \/>\n\u00bfSencillo verdad?<\/p>\n<p>[\/vc_column_text][vc_empty_space height=\u00bb20px\u00bb image_repeat=\u00bbno-repeat\u00bb][\/vc_column][\/vc_row][vc_row row_type=\u00bbrow\u00bb use_row_as_full_screen_section=\u00bbno\u00bb type=\u00bbfull_width\u00bb oblique_section=\u00bbno\u00bb text_align=\u00bbleft\u00bb background_color=\u00bb#f2f2f2&#8243; css_animation=\u00bb\u00bb box_shadow_on_row=\u00bbno\u00bb][vc_column][vc_row_inner row_type=\u00bbrow\u00bb type=\u00bbgrid\u00bb use_row_as_full_screen_section_slide=\u00bbno\u00bb text_align=\u00bbleft\u00bb css_animation=\u00bb\u00bb box_shadow_on_row=\u00bbno\u00bb][vc_column_inner][vc_empty_space image_repeat=\u00bbno-repeat\u00bb][vc_column_text]<\/p>\n<div id=\"pag_news\">\n<div id=\"newscontent\">\n<div>\n<div>\n<div>\n<h3>\u00bfCUANTOS DIAS SE TRABAJA?<\/h3>\n<p>&nbsp;<\/p>\n<p style=\"text-align: justify;\">Se trabaja seis noches a la semana , de 22,30 h hasta las 04,30 h .<\/p>\n<\/div>\n<\/div>\n<\/div>\n<\/div>\n<\/div>\n<div id=\"pag_news2\">\n<div id=\"newscontent\">\n<div>\n<div>\n<div style=\"text-align: justify;\">\n<p>Se pueden pedir d\u00edas de permiso con antelaci\u00f3n .<br \/>\nNO es posible trabajar solo los fi de semanas.<\/p>\n<p>&nbsp;<\/p>\n<\/div>\n<div>\n<h3>LUGAR DE TRABAJO:<\/h3>\n<p>&nbsp;<\/p>\n<p style=\"text-align: justify;\">Se opera en toda Italia, te ofrecemos GRATUITAMENTE un piso compartido con otras chicas que trabajan contigo.<\/p>\n<\/div>\n<p>&nbsp;<\/p>\n<div>\n<h3>RETRIBUCI\u00d3N:<\/h3>\n<p>&nbsp;<\/p>\n<p style=\"text-align: justify;\">Si no tienes experiencia TU formaci\u00f3n ser\u00e1 a nuestro cargo y tu paga inicial ser\u00e1 de 50\/60 euros al d\u00eda (promedio indicativos, se evaluara individualmente cada chica ).<br \/>\nSi tienes ya experiencia m\u00ednimo de un a\u00f1o ( documentada y demostrable ) recibir\u00e1s 70\/80 euros al d\u00eda.<br \/>\nSiempre se entiende por 6 d\u00edas a la semana y por 4 semanas al mes.<br \/>\nLa relaci\u00f3n de trabajo con nosotros puede durar a\u00f1os si tu quieres. TU ser\u00e1s la que decide si continuar o interrumpir la relaci\u00f3n de trabajo .<br \/>\nTu retribuci\u00f3n luego variara in relaci\u00f3n a los facturados , tendr\u00e1sporcentajes , por lo tanto tu retribuci\u00f3nser\u00e1constituida de:<br \/>\nfijo+porcentajes+pisogratuito+taxi gratuito.<\/p>\n<p>&nbsp;<\/p>\n<h3>A TU LLEGADA&#8230;<\/h3>\n<p>&nbsp;<\/p>\n<p style=\"text-align: justify;\">Concertando el d\u00eda y la hora de tu llegada , en la estaci\u00f3n de trenes, de autobuses o en el aeropuerto, encontraras un chofer que te acompa\u00f1ar\u00e1 gratuitamente hasta el apartamento. All\u00ed te arreglaras tus cosas , te relajaras, te presentaras a tus compa\u00f1eras de piso y esperaras que el chofer os acompa\u00f1e a todas en el trabajo.<br \/>\nAl termino de la noche ser\u00e1s nuevamente acompa\u00f1ada en tu piso en total seguridad.<\/p>\n<\/div>\n<\/div>\n<\/div>\n<\/div>\n<\/div>\n<p>[\/vc_column_text][vc_empty_space image_repeat=\u00bbno-repeat\u00bb][\/vc_column_inner][\/vc_row_inner][vc_separator type=\u00bbnormal\u00bb color=\u00bb#d6d6d6&#8243; down=\u00bb0&#8243;][\/vc_column][\/vc_row][vc_row row_type=\u00bbrow\u00bb use_row_as_full_screen_section=\u00bbno\u00bb type=\u00bbfull_width\u00bb oblique_section=\u00bbno\u00bb text_align=\u00bbleft\u00bb background_color=\u00bb#ffffff\u00bb css_animation=\u00bb\u00bb box_shadow_on_row=\u00bbno\u00bb][vc_column][vc_empty_space height=\u00bb50px\u00bb image_repeat=\u00bbno-repeat\u00bb][vc_row_inner row_type=\u00bbrow\u00bb type=\u00bbgrid\u00bb use_row_as_full_screen_section_slide=\u00bbno\u00bb text_align=\u00bbleft\u00bb background_color=\u00bb#ffffff\u00bb padding_bottom=\u00bb50px\u00bb css_animation=\u00bb\u00bb box_shadow_on_row=\u00bbno\u00bb][vc_column_inner width=\u00bb1\/2&#8243;][vc_empty_space height=\u00bb50px\u00bb image_repeat=\u00bbno-repeat\u00bb][vc_column_text]<\/p>\n<h4>ENTONCES RESUMIENDO:<\/h4>\n<p style=\"text-align: justify;\">Si se trabaja todo el a\u00f1o es posible elegir el lugar ( mar, monta\u00f1a, grande ciudad o peque\u00f1o centro urbano ).<br \/>\nOfrecemos el piso gratuito compartido con otras compa\u00f1eras de trabajo.<br \/>\nOfrecemos un servicio de taxi gratuito para ir y volver al trabajo.<br \/>\nOfrecemos contrato regular de trabajo (CCNL-ENPALS , azafata -promotor).<br \/>\nOfrecemos el pago de la retribuci\u00f3n cada 15 d\u00edas.<br \/>\nOfrecemos MAXIMA seriedad y puntualidad en los pagos mismos.<br \/>\nOfrecemos un trabajo f\u00e1cil de aprender y dif\u00edcil da perder.<br \/>\nOfrecemos la oportunidad de tener un experiencia de trabajo fuera de propio pa\u00eds de manera totalmente independiente y econ\u00f3micamente satisfactoria.<br \/>\nOfrecemos una EXCELENTE retribuci\u00f3n&#8230; sobre todo pensando a las horas reales de trabajo, a la falta de pedir titulaci\u00f3n acad\u00e9mica y sin tener que pasar largas temporadas de practica.<br \/>\nOfrecemos un trabajo inmediato ( a partir de 48 horas de entrevista telef\u00f3nica ).<br \/>\nOfrecemos todo lo que el mercado laboral HOY NO OFRECE !<\/p>\n<p>[\/vc_column_text][\/vc_column_inner][vc_column_inner width=\u00bb1\/2&#8243;][vc_single_image image=\u00bb51317&#8243; img_size=\u00bbfull\u00bb edgt_css_animation=\u00bb\u00bb][\/vc_column_inner][\/vc_row_inner][vc_separator type=\u00bbnormal\u00bb color=\u00bb#d6d6d6&#8243; up=\u00bb0&#8243; down=\u00bb0&#8243;][\/vc_column][\/vc_row][vc_row row_type=\u00bbrow\u00bb use_row_as_full_screen_section=\u00bbno\u00bb type=\u00bbfull_width\u00bb oblique_section=\u00bbno\u00bb text_align=\u00bbleft\u00bb css_animation=\u00bb\u00bb box_shadow_on_row=\u00bbno\u00bb][vc_column][vc_row_inner row_type=\u00bbrow\u00bb type=\u00bbgrid\u00bb use_row_as_full_screen_section_slide=\u00bbno\u00bb text_align=\u00bbleft\u00bb css_animation=\u00bb\u00bb box_shadow_on_row=\u00bbno\u00bb][vc_column_inner width=\u00bb1\/2&#8243;][vc_single_image image=\u00bb51305&#8243; img_size=\u00bbfull\u00bb edgt_css_animation=\u00bb\u00bb][\/vc_column_inner][vc_column_inner width=\u00bb1\/2&#8243;][vc_empty_space height=\u00bb50px\u00bb image_repeat=\u00bbno-repeat\u00bb][vc_column_text]<\/p>\n<p style=\"text-align: justify;\">\u00bfPi\u00e9nsatelo&#8230; cuantos CV vas todav\u00eda a enviar?<\/p>\n<p style=\"text-align: justify;\">\u00bfY cuantos piensas te van a contestar?<\/p>\n<p style=\"text-align: justify;\">\u00bfY de lo que te contestan&#8230; cuantos te van a contratar enseguida?<\/p>\n<p style=\"text-align: justify;\">\u00bfCuantos te van a retribuir cuanto nosotros?<\/p>\n<p style=\"text-align: justify;\">Nadie puede ofrecer tanto hoy d\u00eda&#8230; Nosotros te garantizamos serenidad y tranquilidad&#8230; tu solo deber\u00e1s ocuparte en cuidarte, hacerte guapa y&#8230; gastarte el dinero en lo que mas te guste!<\/p>\n<p style=\"text-align: justify;\"><strong>\u00bfTe interesa hacer una prueba retribuida de solos 15 d\u00edas?<br \/>\nSolo habr\u00e1s de ganar!<\/strong><\/p>\n<p>[\/vc_column_text][vc_empty_space image_repeat=\u00bbno-repeat\u00bb][\/vc_column_inner][\/vc_row_inner][vc_separator type=\u00bbnormal\u00bb color=\u00bb#7c7c7c\u00bb up=\u00bb0&#8243; down=\u00bb0&#8243;][\/vc_column][\/vc_row][vc_row row_type=\u00bbparallax\u00bb type=\u00bbfull_width\u00bb text_align=\u00bbleft\u00bb background_image=\u00bb51178&#8243; full_screen_section_height=\u00bbno\u00bb][vc_column][vc_row_inner row_type=\u00bbrow\u00bb type=\u00bbgrid\u00bb use_row_as_full_screen_section_slide=\u00bbno\u00bb text_align=\u00bbcenter\u00bb padding_top=\u00bb50&#8243; padding_bottom=\u00bb50&#8243; css_animation=\u00bb\u00bb box_shadow_on_row=\u00bbno\u00bb][vc_column_inner css=\u00bb.vc_custom_1458644411880{padding-top: 50px !important;padding-bottom: 50px !important;}\u00bb][vc_column_text]<\/p>\n<h2 style=\"text-align: center;\">NO ESPERAR MAS<\/h2>\n<p>[\/vc_column_text][vc_empty_space image_repeat=\u00bbno-repeat\u00bb]<a href=\"https:\/\/www.agenziagold.com\/contatti\/\" target=\"_self\" data-hover-background-color=#ffffff data-hover-border-color=#d7d10d data-hover-color=#d7d10d  class=\"qbutton  big_large icon_right\" style=\"color: #ffffff; border-color: #d7d10d; border-width: 1px; background-color: #d7d10d;\">Env\u00edanos tus Datos<\/a>[\/vc_column_inner][\/vc_row_inner][\/vc_column][\/vc_row]<\/p>\n<\/div>","protected":false},"excerpt":{"rendered":"<p>[vc_row row_type=\u00bbrow\u00bb use_row_as_full_screen_section=\u00bbno\u00bb type=\u00bbfull_width\u00bb oblique_section=\u00bbno\u00bb text_align=\u00bbleft\u00bb background_color=\u00bb#ffffff\u00bb css_animation=\u00bb\u00bb box_shadow_on_row=\u00bbno\u00bb][vc_column][vc_empty_space height=\u00bb50px\u00bb image_repeat=\u00bbno-repeat\u00bb][vc_row_inner row_type=\u00bbrow\u00bb type=\u00bbgrid\u00bb use_row_as_full_screen_section_slide=\u00bbno\u00bb text_align=\u00bbleft\u00bb background_color=\u00bb#ffffff\u00bb padding_bottom=\u00bb50px\u00bb css_animation=\u00bb\u00bb box_shadow_on_row=\u00bbno\u00bb][vc_column_inner][vc_column_text] Agencia GOLD &nbsp; Azafata y promotora en disco-bares de copas &#8211; 1680 euros\/mes netos Si estas cansada de buscar trabajo y eres simp\u00e1tica, agradable y te&#8230;<\/p>\n","protected":false},"author":1,"featured_media":0,"parent":0,"menu_order":0,"comment_status":"closed","ping_status":"closed","template":"full_width.php","meta":{"footnotes":""},"class_list":["post-51060","page","type-page","status-publish","hentry"],"_links":{"self":[{"href":"https:\/\/www.agenziagold.com\/es\/wp-json\/wp\/v2\/pages\/51060","targetHints":{"allow":["GET"]}}],"collection":[{"href":"https:\/\/www.agenziagold.com\/es\/wp-json\/wp\/v2\/pages"}],"about":[{"href":"https:\/\/www.agenziagold.com\/es\/wp-json\/wp\/v2\/types\/page"}],"author":[{"embeddable":true,"href":"https:\/\/www.agenziagold.com\/es\/wp-json\/wp\/v2\/users\/1"}],"replies":[{"embeddable":true,"href":"https:\/\/www.agenziagold.com\/es\/wp-json\/wp\/v2\/comments?post=51060"}],"version-history":[{"count":143,"href":"https:\/\/www.agenziagold.com\/es\/wp-json\/wp\/v2\/pages\/51060\/revisions"}],"predecessor-version":[{"id":51459,"href":"https:\/\/www.agenziagold.com\/es\/wp-json\/wp\/v2\/pages\/51060\/revisions\/51459"}],"wp:attachment":[{"href":"https:\/\/www.agenziagold.com\/es\/wp-json\/wp\/v2\/media?parent=51060"}],"curies":[{"name":"wp","href":"https:\/\/api.w.org\/{rel}","templated":true}]}}