{"id":51060,"date":"2016-03-04T14:41:00","date_gmt":"2016-03-04T14:41:00","guid":{"rendered":"https:\/\/www.agenziagold.com\/?page_id=51060"},"modified":"2016-04-11T17:39:43","modified_gmt":"2016-04-11T17:39:43","slug":"info-lavoro","status":"publish","type":"page","link":"https:\/\/www.agenziagold.com\/ro\/info-lavoro\/","title":{"rendered":"Informa\u0163ii de munc\u0103"},"content":{"rendered":"<div class=\"wpb-content-wrapper\"><p>[vc_row row_type=&#8221;row&#8221; use_row_as_full_screen_section=&#8221;no&#8221; type=&#8221;full_width&#8221; oblique_section=&#8221;no&#8221; text_align=&#8221;left&#8221; background_color=&#8221;#ffffff&#8221; css_animation=&#8221;&#8221; box_shadow_on_row=&#8221;no&#8221;][vc_column][vc_empty_space height=&#8221;50px&#8221; image_repeat=&#8221;no-repeat&#8221;][vc_row_inner row_type=&#8221;row&#8221; type=&#8221;grid&#8221; use_row_as_full_screen_section_slide=&#8221;no&#8221; text_align=&#8221;left&#8221; background_color=&#8221;#ffffff&#8221; css_animation=&#8221;&#8221; box_shadow_on_row=&#8221;no&#8221;][vc_column_inner][vc_column_text]<\/p>\n<h2 style=\"text-align: center;\">VREI SA LUCREZI IN ITALIA?<\/h2>\n<p>&nbsp;<\/p>\n<p>Noi iti oferim un serviciu serioas\u0103, bine pl\u0103tit care iti permite s\u0103 te intretii \u0219i s\u0103 fi independent\u0103 s\u0103 c\u0103l\u0103toresti \u00een toat\u0103 ITALIA, s\u0103 cunosti lume noua, bineinteles vei fi angajata cu toate ACTELE in regula.<\/p>\n<p>Daca it place sa c\u0103l\u0103toresti, s\u0103 te distrezi, s\u0103 stai \u00een mijlocul lumii dar mai ales vrei s\u0103 castigi foarte bine aceasta este \u015eANSA ta!!!<\/p>\n<p>Suntem o agen\u021bie importanta din Italia \u0219i cautam tinere fete, frumoase \u0219i de incredere carora le oferim un raport de munca continuu.<\/p>\n<p>Figurante in sala doar imagine-datoria ta este de a intretine atmosfera, s\u0103 fi vesela s\u0103 consumi drink uri \u0219i sticle de \u0219ampanie alaturi de clien\u021bii no\u0219tri.<\/p>\n<p>O s\u0103 ai un fix zilnic plus un extra care reprezinta consumatiile facute.<\/p>\n<p>Nimic altceva! Usor nu![\/vc_column_text][\/vc_column_inner][\/vc_row_inner][vc_row_inner row_type=&#8221;row&#8221; type=&#8221;grid&#8221; use_row_as_full_screen_section_slide=&#8221;no&#8221; text_align=&#8221;left&#8221; background_color=&#8221;#ffffff&#8221; css_animation=&#8221;&#8221; box_shadow_on_row=&#8221;no&#8221;][vc_column_inner width=&#8221;1\/2&#8243;][vc_empty_space image_repeat=&#8221;no-repeat&#8221;][vc_single_image image=&#8221;51399&#8243; img_size=&#8221;full&#8221; edgt_css_animation=&#8221;&#8221;][\/vc_column_inner][vc_column_inner width=&#8221;1\/2&#8243;][vc_empty_space image_repeat=&#8221;no-repeat&#8221;][vc_single_image image=&#8221;51398&#8243; img_size=&#8221;full&#8221; edgt_css_animation=&#8221;&#8221;][\/vc_column_inner][\/vc_row_inner][vc_separator type=&#8221;normal&#8221; color=&#8221;#d6d6d6&#8243; up=&#8221;50&#8243; down=&#8221;0&#8243;][\/vc_column][\/vc_row][vc_row row_type=&#8221;row&#8221; use_row_as_full_screen_section=&#8221;no&#8221; type=&#8221;full_width&#8221; oblique_section=&#8221;no&#8221; text_align=&#8221;left&#8221; css_animation=&#8221;&#8221; box_shadow_on_row=&#8221;no&#8221;][vc_column][vc_row_inner row_type=&#8221;row&#8221; type=&#8221;grid&#8221; use_row_as_full_screen_section_slide=&#8221;no&#8221; text_align=&#8221;left&#8221; css_animation=&#8221;&#8221; box_shadow_on_row=&#8221;no&#8221;][vc_column_inner width=&#8221;1\/2&#8243;][vc_empty_space height=&#8221;20px&#8221; image_repeat=&#8221;no-repeat&#8221;][vc_column_text]<\/p>\n<h3>Ce trebuie s\u0103 faci?<\/h3>\n<p>&nbsp;<\/p>\n<p style=\"text-align: justify;\">Figurantele in sala sunt fete de prezenta frumoasa, cu o predispozi\u021bie puternic\u0103 in rela\u021biile cu publicul \u0219i raportul intre persoane, lucrul \u00een echip\u0103, s\u0103 fie dinamic\u0103 \u0219i intrapendenta.<\/p>\n<p>Munc\u0103 const\u0103 in a intretine o atmosfera frumoasa in prezenta vizitatorilor de Night Club. vorbind, r\u0103z\u0103nd,glumind cu ei la o mas\u0103 publica ascultand muzica si dans\u00e2nd din c\u00e2nd in c\u00e2nd pe ringul de dans. Nu e obligatoriu consumul de alcool, se poate consuma si ap\u0103 sau nonalcolice se munceste tot anul si aveti posibilitatea de a alege orasul (mare, munte, oras mare sau oras mic).<\/p>\n<p>&nbsp;<\/p>\n<ul>\n<li style=\"text-align: justify;\">Oferim cazare gratuita, impreuna cu celelalte fete care muncesc deja in local\u00a0Taxi gratuit care va aduce si va duce la munca.<\/li>\n<\/ul>\n<ul>\n<li style=\"text-align: justify;\">Contract de munca in regula.<\/li>\n<\/ul>\n<ul>\n<li style=\"text-align: justify;\">Se lucreaza 6 zile pe saptamana de la orele 22.00-5.00.<\/li>\n<\/ul>\n<ul>\n<li style=\"text-align: justify;\">Se plateste odata la 15 zile.<\/li>\n<\/ul>\n<p>&nbsp;<\/p>\n<p style=\"text-align: justify;\">Se incepe munc\u0103 imediat CU NOI NU ASTEPTI DELOC, dupa ce ai trecut de faza de selec\u021bie in 24 de ore poti incepe deja serviciul.<\/p>\n<p>[\/vc_column_text][vc_empty_space height=&#8221;20px&#8221; image_repeat=&#8221;no-repeat&#8221;][\/vc_column_inner][vc_column_inner width=&#8221;1\/2&#8243;][vc_empty_space height=&#8221;50px&#8221; image_repeat=&#8221;no-repeat&#8221;][vc_single_image image=&#8221;51317&#8243; img_size=&#8221;full&#8221; edgt_css_animation=&#8221;&#8221;][\/vc_column_inner][\/vc_row_inner][vc_separator type=&#8221;normal&#8221; color=&#8221;#d6d6d6&#8243; up=&#8221;0&#8243; down=&#8221;0&#8243;][\/vc_column][\/vc_row][vc_row row_type=&#8221;row&#8221; use_row_as_full_screen_section=&#8221;no&#8221; type=&#8221;full_width&#8221; oblique_section=&#8221;no&#8221; text_align=&#8221;left&#8221; background_color=&#8221;#ffffff&#8221; css_animation=&#8221;&#8221; box_shadow_on_row=&#8221;no&#8221;][vc_column][vc_empty_space height=&#8221;50px&#8221; image_repeat=&#8221;no-repeat&#8221;][vc_row_inner row_type=&#8221;row&#8221; type=&#8221;grid&#8221; use_row_as_full_screen_section_slide=&#8221;no&#8221; text_align=&#8221;left&#8221; background_color=&#8221;#ffffff&#8221; padding_bottom=&#8221;50px&#8221; css_animation=&#8221;&#8221; box_shadow_on_row=&#8221;no&#8221;][vc_column_inner width=&#8221;1\/2&#8243;][vc_single_image image=&#8221;51308&#8243; img_size=&#8221;full&#8221; edgt_css_animation=&#8221;&#8221;][\/vc_column_inner][vc_column_inner width=&#8221;1\/2&#8243;][vc_empty_space height=&#8221;20px&#8221; image_repeat=&#8221;no-repeat&#8221;][vc_column_text]<\/p>\n<h3>SALARIU<\/h3>\n<p>&nbsp;<\/p>\n<p style=\"text-align: justify;\">Dac\u0103 es\u021bi f\u0103r\u0103 experien\u021b\u0103 te formam noi, vei fi pl\u0103tita cu 50-60 euro pe zi.<br \/>\nDac\u0103 ai deja experienta de un an (demonstrabil cu documente) vei primi 70-80 euro pe zi 6 zile pe saptamana 4 saptamani.<\/p>\n<p style=\"text-align: justify;\">Dupa salariul tau va varia in functie de procentuale pe care le vei face, salariul tau va fi cuprins din fix-procente-taxi gratis-casa gratis<\/p>\n<p>&nbsp;<\/p>\n<p style=\"text-align: justify;\">NU CAUTAM ESCORTE SAU DAME DE COMPANIE<\/p>\n<p>&nbsp;<\/p>\n<p style=\"text-align: justify;\">Te intereseaza s\u0103 faci o proba de 15 zile? Ai decat de castigat!<br \/>\nR\u0103spunde la acest mail cast@agenziagold.com \u0219i scrie.<\/p>\n<p>&nbsp;<\/p>\n<p style=\"text-align: justify;\">VREAU S\u0102 FIU FIGURANTA DE SALA IN NIGHT CLUB<br \/>\nTRIMITE O POZA \u0218I NUM\u0102RUL DE TELEFON<br \/>\nVEI FI CONTATATA \u00ceN 24 DE ORE.<\/p>\n<p>[\/vc_column_text][vc_empty_space height=&#8221;20px&#8221; image_repeat=&#8221;no-repeat&#8221;][\/vc_column_inner][\/vc_row_inner][vc_separator type=&#8221;normal&#8221; color=&#8221;#d6d6d6&#8243; up=&#8221;0&#8243; down=&#8221;0&#8243;][\/vc_column][\/vc_row][vc_row row_type=&#8221;parallax&#8221; type=&#8221;full_width&#8221; text_align=&#8221;left&#8221; background_image=&#8221;51178&#8243; full_screen_section_height=&#8221;no&#8221;][vc_column][vc_row_inner row_type=&#8221;row&#8221; type=&#8221;grid&#8221; use_row_as_full_screen_section_slide=&#8221;no&#8221; text_align=&#8221;center&#8221; padding_top=&#8221;50&#8243; padding_bottom=&#8221;50&#8243; css_animation=&#8221;&#8221; box_shadow_on_row=&#8221;no&#8221;][vc_column_inner css=&#8221;.vc_custom_1458644411880{padding-top: 50px !important;padding-bottom: 50px !important;}&#8221;][vc_column_text]<\/p>\n<h2 style=\"text-align: center;\">Nu a\u0219tepta\u021bi mult&#8230;<\/h2>\n<p>[\/vc_column_text][vc_empty_space image_repeat=&#8221;no-repeat&#8221;]<a href=\"https:\/\/www.agenziagold.com\/contatti\/\" target=\"_self\" data-hover-background-color=#ffffff data-hover-border-color=#d7d10d data-hover-color=#d7d10d  class=\"qbutton  big_large icon_right\" style=\"color: #ffffff; border-color: #d7d10d; border-width: 1px; background-color: #d7d10d;\">trimite-ne informa\u021biile dvs<\/a>[\/vc_column_inner][\/vc_row_inner][\/vc_column][\/vc_row]<\/p>\n<\/div>","protected":false},"excerpt":{"rendered":"<p>[vc_row row_type=&#8221;row&#8221; use_row_as_full_screen_section=&#8221;no&#8221; type=&#8221;full_width&#8221; oblique_section=&#8221;no&#8221; text_align=&#8221;left&#8221; background_color=&#8221;#ffffff&#8221; css_animation=&#8221;&#8221; box_shadow_on_row=&#8221;no&#8221;][vc_column][vc_empty_space height=&#8221;50px&#8221; image_repeat=&#8221;no-repeat&#8221;][vc_row_inner row_type=&#8221;row&#8221; type=&#8221;grid&#8221; use_row_as_full_screen_section_slide=&#8221;no&#8221; text_align=&#8221;left&#8221; background_color=&#8221;#ffffff&#8221; css_animation=&#8221;&#8221; box_shadow_on_row=&#8221;no&#8221;][vc_column_inner][vc_column_text] VREI SA LUCREZI IN ITALIA? &nbsp; Noi iti oferim un serviciu serioas\u0103, bine pl\u0103tit care iti permite s\u0103 te intretii \u0219i s\u0103 fi independent\u0103 s\u0103 c\u0103l\u0103toresti \u00een&#8230;<\/p>\n","protected":false},"author":1,"featured_media":0,"parent":0,"menu_order":0,"comment_status":"closed","ping_status":"closed","template":"full_width.php","meta":{"footnotes":""},"class_list":["post-51060","page","type-page","status-publish","hentry"],"_links":{"self":[{"href":"https:\/\/www.agenziagold.com\/ro\/wp-json\/wp\/v2\/pages\/51060","targetHints":{"allow":["GET"]}}],"collection":[{"href":"https:\/\/www.agenziagold.com\/ro\/wp-json\/wp\/v2\/pages"}],"about":[{"href":"https:\/\/www.agenziagold.com\/ro\/wp-json\/wp\/v2\/types\/page"}],"author":[{"embeddable":true,"href":"https:\/\/www.agenziagold.com\/ro\/wp-json\/wp\/v2\/users\/1"}],"replies":[{"embeddable":true,"href":"https:\/\/www.agenziagold.com\/ro\/wp-json\/wp\/v2\/comments?post=51060"}],"version-history":[{"count":143,"href":"https:\/\/www.agenziagold.com\/ro\/wp-json\/wp\/v2\/pages\/51060\/revisions"}],"predecessor-version":[{"id":51459,"href":"https:\/\/www.agenziagold.com\/ro\/wp-json\/wp\/v2\/pages\/51060\/revisions\/51459"}],"wp:attachment":[{"href":"https:\/\/www.agenziagold.com\/ro\/wp-json\/wp\/v2\/media?parent=51060"}],"curies":[{"name":"wp","href":"https:\/\/api.w.org\/{rel}","templated":true}]}}